{"id":646,"date":"2024-12-25T14:48:44","date_gmt":"2024-12-25T13:48:44","guid":{"rendered":"https:\/\/boxerprogym.cz\/kosik\/"},"modified":"2024-12-26T23:48:56","modified_gmt":"2024-12-26T22:48:56","slug":"kosik","status":"publish","type":"page","link":"https:\/\/boxerprogym.cz\/ru\/kosik\/","title":{"rendered":"\u041a\u043e\u0440\u0437\u0438\u043d\u0430"},"content":{"rendered":"<div data-elementor-type=\"wp-page\" data-elementor-id=\"646\" class=\"elementor elementor-646\" data-elementor-post-type=\"page\">\n\t\t\t\t<div class=\"elementor-element elementor-element-76823dc6 woo e-flex e-con-boxed e-con e-parent\" data-id=\"76823dc6\" data-element_type=\"container\">\n\t\t\t\t\t<div class=\"e-con-inner\">\n\t\t\t\t\t<\/div>\n\t\t\t\t<\/div>\n\t\t\t\t<\/div>","protected":false},"excerpt":{"rendered":"<p>Odstranit polo\u017eku N\u00e1hled Produkt Cena Mno\u017estv\u00ed Mezisou\u010det &times; Testovy Produkt 5004&nbsp;&#75;&#269; Testovy Produkt mno\u017estv\u00ed 40032&nbsp;&#75;&#269; Update Cart Pou\u017e\u00edt kup\u00f3n Mezisou\u010det 40032&nbsp;&#75;&#269; Doprava Doprava: 80&nbsp;&#75;&#269; (BOXER PRO GYM) P\u0159eprava do Kurta Konrada 2445\/5, 190 00 Praha. Zm\u011bnit adresu Zem\u011b \/ region: Vyberte zemi \/ region&hellip;Afgh\u00e1nist\u00e1n\u00c5landsk\u00e9 ostrovyAlb\u00e1nieAl\u017e\u00edrskoAmerick\u00e1 SamoaAndorraAngolaAnguillaAntarktidaAntigua a BarbudaArgentinaArm\u00e9nieArubaAustr\u00e1lie\u00c1zerb\u00e1jd\u017e\u00e1nBahamyBahrainBanglad\u00e9\u0161BarbadosBelauBelgieBelizeB\u011bloruskoBeninBermudyBol\u00edvieBonaire, Saint Eustatius a SabaBosna a HerzegovinaBotswanaBouvet\u016fv ostrovBraz\u00edlieBritsk\u00e9 [&hellip;]<\/p>","protected":false},"author":1,"featured_media":0,"parent":0,"menu_order":0,"comment_status":"closed","ping_status":"closed","template":"","meta":{"footnotes":""},"class_list":["post-646","page","type-page","status-publish","hentry"],"acf":[],"yoast_head":"<!-- This site is optimized with the Yoast SEO plugin v26.4 - https:\/\/yoast.com\/wordpress\/plugins\/seo\/ -->\n<title>Ko\u0161\u00edk | BOXER PRO GYM<\/title>\n<meta name=\"robots\" content=\"noindex, nofollow\" \/>\n<meta property=\"og:locale\" content=\"ru_RU\" \/>\n<meta property=\"og:type\" content=\"article\" \/>\n<meta property=\"og:title\" content=\"Ko\u0161\u00edk | BOXER PRO GYM\" \/>\n<meta property=\"og:description\" content=\"Odstranit polo\u017eku N\u00e1hled Produkt Cena Mno\u017estv\u00ed Mezisou\u010det &times; Testovy Produkt 5004&nbsp;&#075;&#269; Testovy Produkt mno\u017estv\u00ed 40032&nbsp;&#075;&#269; Update Cart Pou\u017e\u00edt kup\u00f3n Mezisou\u010det 40032&nbsp;&#075;&#269; Doprava Doprava: 80&nbsp;&#075;&#269; (BOXER PRO GYM) P\u0159eprava do Kurta Konrada 2445\/5, 190 00 Praha. Zm\u011bnit adresu Zem\u011b \/ region: Vyberte zemi \/ region&hellip;Afgh\u00e1nist\u00e1n\u00c5landsk\u00e9 ostrovyAlb\u00e1nieAl\u017e\u00edrskoAmerick\u00e1 SamoaAndorraAngolaAnguillaAntarktidaAntigua a BarbudaArgentinaArm\u00e9nieArubaAustr\u00e1lie\u00c1zerb\u00e1jd\u017e\u00e1nBahamyBahrainBanglad\u00e9\u0161BarbadosBelauBelgieBelizeB\u011bloruskoBeninBermudyBol\u00edvieBonaire, Saint Eustatius a SabaBosna a HerzegovinaBotswanaBouvet\u016fv ostrovBraz\u00edlieBritsk\u00e9 [&hellip;]\" \/>\n<meta property=\"og:url\" content=\"https:\/\/boxerprogym.cz\/ru\/kosik\/\" \/>\n<meta property=\"og:site_name\" content=\"BOXER PRO GYM\" \/>\n<meta property=\"article:modified_time\" content=\"2024-12-26T22:48:56+00:00\" \/>\n<meta property=\"og:image\" content=\"https:\/\/boxerprogym.cz\/wp-content\/uploads\/2024\/12\/little-boy-in-boxing-gloves-on-ring-with-trainer-VRVRXUN-300x300.jpg\" \/>\n<meta name=\"twitter:card\" content=\"summary_large_image\" \/>\n<meta name=\"twitter:label1\" content=\"\u041f\u0440\u0438\u043c\u0435\u0440\u043d\u043e\u0435 \u0432\u0440\u0435\u043c\u044f \u0434\u043b\u044f \u0447\u0442\u0435\u043d\u0438\u044f\" \/>\n\t<meta name=\"twitter:data1\" content=\"3 \u043c\u0438\u043d\u0443\u0442\u044b\" \/>\n<script type=\"application\/ld+json\" class=\"yoast-schema-graph\">{\"@context\":\"https:\/\/schema.org\",\"@graph\":[{\"@type\":\"WebPage\",\"@id\":\"https:\/\/boxerprogym.cz\/kosik\/\",\"url\":\"https:\/\/boxerprogym.cz\/kosik\/\",\"name\":\"Ko\u0161\u00edk | BOXER PRO GYM\",\"isPartOf\":{\"@id\":\"https:\/\/boxerprogym.cz\/#website\"},\"primaryImageOfPage\":{\"@id\":\"https:\/\/boxerprogym.cz\/kosik\/#primaryimage\"},\"image\":{\"@id\":\"https:\/\/boxerprogym.cz\/kosik\/#primaryimage\"},\"thumbnailUrl\":\"https:\/\/boxerprogym.cz\/wp-content\/uploads\/2024\/12\/little-boy-in-boxing-gloves-on-ring-with-trainer-VRVRXUN-300x300.jpg\",\"datePublished\":\"2024-12-25T13:48:44+00:00\",\"dateModified\":\"2024-12-26T22:48:56+00:00\",\"breadcrumb\":{\"@id\":\"https:\/\/boxerprogym.cz\/kosik\/#breadcrumb\"},\"inLanguage\":\"ru-RU\",\"potentialAction\":[{\"@type\":\"ReadAction\",\"target\":[\"https:\/\/boxerprogym.cz\/kosik\/\"]}]},{\"@type\":\"ImageObject\",\"inLanguage\":\"ru-RU\",\"@id\":\"https:\/\/boxerprogym.cz\/kosik\/#primaryimage\",\"url\":\"https:\/\/boxerprogym.cz\/wp-content\/uploads\/2024\/12\/little-boy-in-boxing-gloves-on-ring-with-trainer-VRVRXUN-300x300.jpg\",\"contentUrl\":\"https:\/\/boxerprogym.cz\/wp-content\/uploads\/2024\/12\/little-boy-in-boxing-gloves-on-ring-with-trainer-VRVRXUN-300x300.jpg\"},{\"@type\":\"BreadcrumbList\",\"@id\":\"https:\/\/boxerprogym.cz\/kosik\/#breadcrumb\",\"itemListElement\":[{\"@type\":\"ListItem\",\"position\":1,\"name\":\"Dom\u016f\",\"item\":\"https:\/\/boxerprogym.cz\/\"},{\"@type\":\"ListItem\",\"position\":2,\"name\":\"Ko\u0161\u00edk\"}]},{\"@type\":\"WebSite\",\"@id\":\"https:\/\/boxerprogym.cz\/#website\",\"url\":\"https:\/\/boxerprogym.cz\/\",\"name\":\"BOXER PRO GYM\",\"description\":\"\",\"publisher\":{\"@id\":\"https:\/\/boxerprogym.cz\/#organization\"},\"potentialAction\":[{\"@type\":\"SearchAction\",\"target\":{\"@type\":\"EntryPoint\",\"urlTemplate\":\"https:\/\/boxerprogym.cz\/?s={search_term_string}\"},\"query-input\":{\"@type\":\"PropertyValueSpecification\",\"valueRequired\":true,\"valueName\":\"search_term_string\"}}],\"inLanguage\":\"ru-RU\"},{\"@type\":\"Organization\",\"@id\":\"https:\/\/boxerprogym.cz\/#organization\",\"name\":\"BOXER PRO GYM\",\"url\":\"https:\/\/boxerprogym.cz\/\",\"logo\":{\"@type\":\"ImageObject\",\"inLanguage\":\"ru-RU\",\"@id\":\"https:\/\/boxerprogym.cz\/#\/schema\/logo\/image\/\",\"url\":\"https:\/\/boxerprogym.cz\/wp-content\/uploads\/2024\/12\/logo-horizontal-black.svg\",\"contentUrl\":\"https:\/\/boxerprogym.cz\/wp-content\/uploads\/2024\/12\/logo-horizontal-black.svg\",\"width\":832,\"height\":155,\"caption\":\"BOXER PRO GYM\"},\"image\":{\"@id\":\"https:\/\/boxerprogym.cz\/#\/schema\/logo\/image\/\"}}]}<\/script>\n<!-- \/ Yoast SEO plugin. -->","yoast_head_json":{"title":"\u041a\u043e\u0440\u0437\u0438\u043d\u0430 | BOXER PRO GYM","robots":{"index":"noindex","follow":"nofollow"},"og_locale":"ru_RU","og_type":"article","og_title":"Ko\u0161\u00edk | BOXER PRO GYM","og_description":"Odstranit polo\u017eku N\u00e1hled Produkt Cena Mno\u017estv\u00ed Mezisou\u010det &times; Testovy Produkt 5004&nbsp;&#75;&#269; Testovy Produkt mno\u017estv\u00ed 40032&nbsp;&#75;&#269; Update Cart Pou\u017e\u00edt kup\u00f3n Mezisou\u010det 40032&nbsp;&#75;&#269; Doprava Doprava: 80&nbsp;&#75;&#269; (BOXER PRO GYM) P\u0159eprava do Kurta Konrada 2445\/5, 190 00 Praha. Zm\u011bnit adresu Zem\u011b \/ region: Vyberte zemi \/ region&hellip;Afgh\u00e1nist\u00e1n\u00c5landsk\u00e9 ostrovyAlb\u00e1nieAl\u017e\u00edrskoAmerick\u00e1 SamoaAndorraAngolaAnguillaAntarktidaAntigua a BarbudaArgentinaArm\u00e9nieArubaAustr\u00e1lie\u00c1zerb\u00e1jd\u017e\u00e1nBahamyBahrainBanglad\u00e9\u0161BarbadosBelauBelgieBelizeB\u011bloruskoBeninBermudyBol\u00edvieBonaire, Saint Eustatius a SabaBosna a HerzegovinaBotswanaBouvet\u016fv ostrovBraz\u00edlieBritsk\u00e9 [&hellip;]","og_url":"https:\/\/boxerprogym.cz\/ru\/kosik\/","og_site_name":"BOXER PRO GYM","article_modified_time":"2024-12-26T22:48:56+00:00","og_image":[{"url":"https:\/\/boxerprogym.cz\/wp-content\/uploads\/2024\/12\/little-boy-in-boxing-gloves-on-ring-with-trainer-VRVRXUN-300x300.jpg","type":"","width":"","height":""}],"twitter_card":"summary_large_image","twitter_misc":{"\u041f\u0440\u0438\u043c\u0435\u0440\u043d\u043e\u0435 \u0432\u0440\u0435\u043c\u044f \u0434\u043b\u044f \u0447\u0442\u0435\u043d\u0438\u044f":"3 \u043c\u0438\u043d\u0443\u0442\u044b"},"schema":{"@context":"https:\/\/schema.org","@graph":[{"@type":"WebPage","@id":"https:\/\/boxerprogym.cz\/kosik\/","url":"https:\/\/boxerprogym.cz\/kosik\/","name":"\u041a\u043e\u0440\u0437\u0438\u043d\u0430 | BOXER PRO GYM","isPartOf":{"@id":"https:\/\/boxerprogym.cz\/#website"},"primaryImageOfPage":{"@id":"https:\/\/boxerprogym.cz\/kosik\/#primaryimage"},"image":{"@id":"https:\/\/boxerprogym.cz\/kosik\/#primaryimage"},"thumbnailUrl":"https:\/\/boxerprogym.cz\/wp-content\/uploads\/2024\/12\/little-boy-in-boxing-gloves-on-ring-with-trainer-VRVRXUN-300x300.jpg","datePublished":"2024-12-25T13:48:44+00:00","dateModified":"2024-12-26T22:48:56+00:00","breadcrumb":{"@id":"https:\/\/boxerprogym.cz\/kosik\/#breadcrumb"},"inLanguage":"ru-RU","potentialAction":[{"@type":"ReadAction","target":["https:\/\/boxerprogym.cz\/kosik\/"]}]},{"@type":"ImageObject","inLanguage":"ru-RU","@id":"https:\/\/boxerprogym.cz\/kosik\/#primaryimage","url":"https:\/\/boxerprogym.cz\/wp-content\/uploads\/2024\/12\/little-boy-in-boxing-gloves-on-ring-with-trainer-VRVRXUN-300x300.jpg","contentUrl":"https:\/\/boxerprogym.cz\/wp-content\/uploads\/2024\/12\/little-boy-in-boxing-gloves-on-ring-with-trainer-VRVRXUN-300x300.jpg"},{"@type":"BreadcrumbList","@id":"https:\/\/boxerprogym.cz\/kosik\/#breadcrumb","itemListElement":[{"@type":"ListItem","position":1,"name":"Dom\u016f","item":"https:\/\/boxerprogym.cz\/"},{"@type":"ListItem","position":2,"name":"Ko\u0161\u00edk"}]},{"@type":"WebSite","@id":"https:\/\/boxerprogym.cz\/#website","url":"https:\/\/boxerprogym.cz\/","name":"BOXER PRO GYM","description":"","publisher":{"@id":"https:\/\/boxerprogym.cz\/#organization"},"potentialAction":[{"@type":"SearchAction","target":{"@type":"EntryPoint","urlTemplate":"https:\/\/boxerprogym.cz\/?s={search_term_string}"},"query-input":{"@type":"PropertyValueSpecification","valueRequired":true,"valueName":"search_term_string"}}],"inLanguage":"ru-RU"},{"@type":"Organization","@id":"https:\/\/boxerprogym.cz\/#organization","name":"BOXER PRO GYM","url":"https:\/\/boxerprogym.cz\/","logo":{"@type":"ImageObject","inLanguage":"ru-RU","@id":"https:\/\/boxerprogym.cz\/#\/schema\/logo\/image\/","url":"https:\/\/boxerprogym.cz\/wp-content\/uploads\/2024\/12\/logo-horizontal-black.svg","contentUrl":"https:\/\/boxerprogym.cz\/wp-content\/uploads\/2024\/12\/logo-horizontal-black.svg","width":832,"height":155,"caption":"BOXER PRO GYM"},"image":{"@id":"https:\/\/boxerprogym.cz\/#\/schema\/logo\/image\/"}}]}},"_links":{"self":[{"href":"https:\/\/boxerprogym.cz\/ru\/wp-json\/wp\/v2\/pages\/646","targetHints":{"allow":["GET"]}}],"collection":[{"href":"https:\/\/boxerprogym.cz\/ru\/wp-json\/wp\/v2\/pages"}],"about":[{"href":"https:\/\/boxerprogym.cz\/ru\/wp-json\/wp\/v2\/types\/page"}],"author":[{"embeddable":true,"href":"https:\/\/boxerprogym.cz\/ru\/wp-json\/wp\/v2\/users\/1"}],"replies":[{"embeddable":true,"href":"https:\/\/boxerprogym.cz\/ru\/wp-json\/wp\/v2\/comments?post=646"}],"version-history":[{"count":0,"href":"https:\/\/boxerprogym.cz\/ru\/wp-json\/wp\/v2\/pages\/646\/revisions"}],"wp:attachment":[{"href":"https:\/\/boxerprogym.cz\/ru\/wp-json\/wp\/v2\/media?parent=646"}],"curies":[{"name":"wp","href":"https:\/\/api.w.org\/{rel}","templated":true}]}}