{"id":1106,"date":"2025-01-26T11:30:31","date_gmt":"2025-01-26T10:30:31","guid":{"rendered":"https:\/\/boxerprogym.cz\/?post_type=product&#038;p=1106"},"modified":"2025-02-23T23:49:19","modified_gmt":"2025-02-23T22:49:19","slug":"permanentka-12-skupinovych-lekci-deti","status":"publish","type":"product","link":"https:\/\/boxerprogym.cz\/ru\/product\/\u0430\u0431\u043e\u043d\u0435\u043c\u0435\u043d\u0442-12-\u0433\u0440\u0443\u043f\u043f\u043e\u0432\u044b\u0445-\u0437\u0430\u043d\u044f\u0442\u0438\u0439-\u0434\u043b\u044f-\u0434\u0435\u0442\u0435\/","title":{"rendered":"12 \u0442\u0440\u0435\u043d\u0438\u0440\u043e\u0432\u043e\u043a (\u0434\u0435\u0442\u0438 - \u0434\u043e 16 \u043b\u0435\u0442) \u041f\u0415\u0420\u041c\u0410\u041d\u0415\u041d\u0422 \u041d\u0410 12 \u0413\u0420\u0423\u041f\u041f\u041e\u0412\u042b\u0425 \u0423\u0420\u041e\u041a\u041e\u0412"},"content":{"rendered":"","protected":false},"excerpt":{"rendered":"<p>\u0410\u0431\u043e\u043d\u0435\u043c\u0435\u043d\u0442 \u043d\u0430 12 \u0433\u0440\u0443\u043f\u043f\u043e\u0432\u044b\u0445 \u0437\u0430\u043d\u044f\u0442\u0438\u0439 \u0434\u043b\u044f \u0434\u0435\u0442\u0435\u0439 \u0434\u043e 16 \u043b\u0435\u0442. \u041e\u0442\u043b\u0438\u0447\u043d\u0430\u044f \u0432\u043e\u0437\u043c\u043e\u0436\u043d\u043e\u0441\u0442\u044c \u0434\u043b\u044f \u0440\u0435\u0433\u0443\u043b\u044f\u0440\u043d\u044b\u0445 \u0442\u0440\u0435\u043d\u0438\u0440\u043e\u0432\u043e\u043a, \u0440\u0430\u0437\u0432\u0438\u0442\u0438\u044f \u043d\u0430\u0432\u044b\u043a\u043e\u0432 \u0438 \u0443\u043b\u0443\u0447\u0448\u0435\u043d\u0438\u044f \u0444\u0438\u0437\u0438\u0447\u0435\u0441\u043a\u043e\u0439 \u0444\u043e\u0440\u043c\u044b.<\/p>\n<p>\u0421\u0440\u043e\u043a \u0434\u0435\u0439\u0441\u0442\u0432\u0438\u044f: 1 \u043c\u0435\u0441\u044f\u0446 \u0441 \u043c\u043e\u043c\u0435\u043d\u0442\u0430 \u043f\u043e\u043a\u0443\u043f\u043a\u0438.<\/p>","protected":false},"featured_media":539,"template":"","meta":[],"product_brand":[],"product_cat":[30],"product_tag":[],"class_list":{"0":"post-1106","1":"product","2":"type-product","3":"status-publish","4":"has-post-thumbnail","6":"product_cat-permanentky","8":"first","9":"instock","10":"virtual","11":"purchasable","12":"product-type-simple"},"acf":[],"yoast_head":"<!-- This site is optimized with the Yoast SEO plugin v26.4 - https:\/\/yoast.com\/wordpress\/plugins\/seo\/ -->\n<title>12 tr\u00e9nink\u016f (d\u011bti - do 16 let) PERMANENTKA NA 12 SKUPINOV\u00ddCH LEKC\u00cd | BOXER PRO GYM<\/title>\n<meta name=\"robots\" content=\"index, follow, max-snippet:-1, max-image-preview:large, max-video-preview:-1\" \/>\n<link rel=\"canonical\" href=\"https:\/\/boxerprogym.cz\/ru\/product\/\u0430\u0431\u043e\u043d\u0435\u043c\u0435\u043d\u0442-12-\u0433\u0440\u0443\u043f\u043f\u043e\u0432\u044b\u0445-\u0437\u0430\u043d\u044f\u0442\u0438\u0439-\u0434\u043b\u044f-\u0434\u0435\u0442\u0435\/\" \/>\n<meta property=\"og:locale\" content=\"ru_RU\" \/>\n<meta property=\"og:type\" content=\"article\" \/>\n<meta property=\"og:title\" content=\"12 tr\u00e9nink\u016f (d\u011bti - do 16 let) PERMANENTKA NA 12 SKUPINOV\u00ddCH LEKC\u00cd | BOXER PRO GYM\" \/>\n<meta property=\"og:description\" content=\"Permanentka na 12 skupinov\u00fdch lekc\u00ed ur\u010den\u00e1 pro d\u011bti do 16 let. Skv\u011bl\u00e1 p\u0159\u00edle\u017eitost pro pravideln\u00fd tr\u00e9nink, rozvoj dovednost\u00ed a zlep\u0161en\u00ed fyzick\u00e9 kondice.  Platnost: 1 m\u011bs\u00edc od data zakoupen\u00ed.\" \/>\n<meta property=\"og:url\" content=\"https:\/\/boxerprogym.cz\/ru\/product\/\u0430\u0431\u043e\u043d\u0435\u043c\u0435\u043d\u0442-12-\u0433\u0440\u0443\u043f\u043f\u043e\u0432\u044b\u0445-\u0437\u0430\u043d\u044f\u0442\u0438\u0439-\u0434\u043b\u044f-\u0434\u0435\u0442\u0435\/\" \/>\n<meta property=\"og:site_name\" content=\"BOXER PRO GYM\" \/>\n<meta property=\"article:modified_time\" content=\"2025-02-23T22:49:19+00:00\" \/>\n<meta property=\"og:image\" content=\"https:\/\/boxerprogym.cz\/wp-content\/uploads\/2024\/12\/little-boy-in-boxing-gloves-on-ring-with-trainer-VRVRXUN.jpg\" \/>\n\t<meta property=\"og:image:width\" content=\"2400\" \/>\n\t<meta property=\"og:image:height\" content=\"1600\" \/>\n\t<meta property=\"og:image:type\" content=\"image\/jpeg\" \/>\n<meta name=\"twitter:card\" content=\"summary_large_image\" \/>\n<meta name=\"twitter:label1\" content=\"\u041f\u0440\u0438\u043c\u0435\u0440\u043d\u043e\u0435 \u0432\u0440\u0435\u043c\u044f \u0434\u043b\u044f \u0447\u0442\u0435\u043d\u0438\u044f\" \/>\n\t<meta name=\"twitter:data1\" content=\"1 \u043c\u0438\u043d\u0443\u0442\u0430\" \/>\n<script type=\"application\/ld+json\" class=\"yoast-schema-graph\">{\"@context\":\"https:\/\/schema.org\",\"@graph\":[{\"@type\":\"WebPage\",\"@id\":\"https:\/\/boxerprogym.cz\/produkt\/permanentka-12-skupinovych-lekci-deti\/\",\"url\":\"https:\/\/boxerprogym.cz\/produkt\/permanentka-12-skupinovych-lekci-deti\/\",\"name\":\"12 tr\u00e9nink\u016f (d\u011bti - do 16 let) PERMANENTKA NA 12 SKUPINOV\u00ddCH LEKC\u00cd | BOXER PRO GYM\",\"isPartOf\":{\"@id\":\"https:\/\/boxerprogym.cz\/#website\"},\"primaryImageOfPage\":{\"@id\":\"https:\/\/boxerprogym.cz\/produkt\/permanentka-12-skupinovych-lekci-deti\/#primaryimage\"},\"image\":{\"@id\":\"https:\/\/boxerprogym.cz\/produkt\/permanentka-12-skupinovych-lekci-deti\/#primaryimage\"},\"thumbnailUrl\":\"https:\/\/boxerprogym.cz\/wp-content\/uploads\/2024\/12\/little-boy-in-boxing-gloves-on-ring-with-trainer-VRVRXUN.jpg\",\"datePublished\":\"2025-01-26T10:30:31+00:00\",\"dateModified\":\"2025-02-23T22:49:19+00:00\",\"breadcrumb\":{\"@id\":\"https:\/\/boxerprogym.cz\/produkt\/permanentka-12-skupinovych-lekci-deti\/#breadcrumb\"},\"inLanguage\":\"ru-RU\",\"potentialAction\":[{\"@type\":\"ReadAction\",\"target\":[\"https:\/\/boxerprogym.cz\/produkt\/permanentka-12-skupinovych-lekci-deti\/\"]}]},{\"@type\":\"ImageObject\",\"inLanguage\":\"ru-RU\",\"@id\":\"https:\/\/boxerprogym.cz\/produkt\/permanentka-12-skupinovych-lekci-deti\/#primaryimage\",\"url\":\"https:\/\/boxerprogym.cz\/wp-content\/uploads\/2024\/12\/little-boy-in-boxing-gloves-on-ring-with-trainer-VRVRXUN.jpg\",\"contentUrl\":\"https:\/\/boxerprogym.cz\/wp-content\/uploads\/2024\/12\/little-boy-in-boxing-gloves-on-ring-with-trainer-VRVRXUN.jpg\",\"width\":2400,\"height\":1600},{\"@type\":\"BreadcrumbList\",\"@id\":\"https:\/\/boxerprogym.cz\/produkt\/permanentka-12-skupinovych-lekci-deti\/#breadcrumb\",\"itemListElement\":[{\"@type\":\"ListItem\",\"position\":1,\"name\":\"Dom\u016f\",\"item\":\"https:\/\/boxerprogym.cz\/\"},{\"@type\":\"ListItem\",\"position\":2,\"name\":\"E-shop\",\"item\":\"https:\/\/boxerprogym.cz\/obchod\/\"},{\"@type\":\"ListItem\",\"position\":3,\"name\":\"12 tr\u00e9nink\u016f (d\u011bti &#8211; do 16 let) PERMANENTKA NA 12 SKUPINOV\u00ddCH LEKC\u00cd\"}]},{\"@type\":\"WebSite\",\"@id\":\"https:\/\/boxerprogym.cz\/#website\",\"url\":\"https:\/\/boxerprogym.cz\/\",\"name\":\"BOXER PRO GYM\",\"description\":\"\",\"publisher\":{\"@id\":\"https:\/\/boxerprogym.cz\/#organization\"},\"potentialAction\":[{\"@type\":\"SearchAction\",\"target\":{\"@type\":\"EntryPoint\",\"urlTemplate\":\"https:\/\/boxerprogym.cz\/?s={search_term_string}\"},\"query-input\":{\"@type\":\"PropertyValueSpecification\",\"valueRequired\":true,\"valueName\":\"search_term_string\"}}],\"inLanguage\":\"ru-RU\"},{\"@type\":\"Organization\",\"@id\":\"https:\/\/boxerprogym.cz\/#organization\",\"name\":\"BOXER PRO GYM\",\"url\":\"https:\/\/boxerprogym.cz\/\",\"logo\":{\"@type\":\"ImageObject\",\"inLanguage\":\"ru-RU\",\"@id\":\"https:\/\/boxerprogym.cz\/#\/schema\/logo\/image\/\",\"url\":\"https:\/\/boxerprogym.cz\/wp-content\/uploads\/2024\/12\/logo-horizontal-black.svg\",\"contentUrl\":\"https:\/\/boxerprogym.cz\/wp-content\/uploads\/2024\/12\/logo-horizontal-black.svg\",\"width\":832,\"height\":155,\"caption\":\"BOXER PRO GYM\"},\"image\":{\"@id\":\"https:\/\/boxerprogym.cz\/#\/schema\/logo\/image\/\"}}]}<\/script>\n<!-- \/ Yoast SEO plugin. -->","yoast_head_json":{"title":"12 \u0442\u0440\u0435\u043d\u0438\u0440\u043e\u0432\u043e\u043a (\u0434\u0435\u0442\u0438 - \u0434\u043e 16 \u043b\u0435\u0442) \u041f\u0415\u0420\u041c\u0410\u041d\u0415\u041d\u0422 \u041d\u0410 12 \u0413\u0420\u0423\u041f\u041f\u041e\u0412\u042b\u0425 \u0422\u0420\u0415\u041d\u0418\u0420\u041e\u0412\u041e\u041a | BOXER PRO GYM","robots":{"index":"index","follow":"follow","max-snippet":"max-snippet:-1","max-image-preview":"max-image-preview:large","max-video-preview":"max-video-preview:-1"},"canonical":"https:\/\/boxerprogym.cz\/ru\/product\/\u0430\u0431\u043e\u043d\u0435\u043c\u0435\u043d\u0442-12-\u0433\u0440\u0443\u043f\u043f\u043e\u0432\u044b\u0445-\u0437\u0430\u043d\u044f\u0442\u0438\u0439-\u0434\u043b\u044f-\u0434\u0435\u0442\u0435\/","og_locale":"ru_RU","og_type":"article","og_title":"12 tr\u00e9nink\u016f (d\u011bti - do 16 let) PERMANENTKA NA 12 SKUPINOV\u00ddCH LEKC\u00cd | BOXER PRO GYM","og_description":"Permanentka na 12 skupinov\u00fdch lekc\u00ed ur\u010den\u00e1 pro d\u011bti do 16 let. Skv\u011bl\u00e1 p\u0159\u00edle\u017eitost pro pravideln\u00fd tr\u00e9nink, rozvoj dovednost\u00ed a zlep\u0161en\u00ed fyzick\u00e9 kondice.  Platnost: 1 m\u011bs\u00edc od data zakoupen\u00ed.","og_url":"https:\/\/boxerprogym.cz\/ru\/product\/\u0430\u0431\u043e\u043d\u0435\u043c\u0435\u043d\u0442-12-\u0433\u0440\u0443\u043f\u043f\u043e\u0432\u044b\u0445-\u0437\u0430\u043d\u044f\u0442\u0438\u0439-\u0434\u043b\u044f-\u0434\u0435\u0442\u0435\/","og_site_name":"BOXER PRO GYM","article_modified_time":"2025-02-23T22:49:19+00:00","og_image":[{"width":2400,"height":1600,"url":"https:\/\/boxerprogym.cz\/wp-content\/uploads\/2024\/12\/little-boy-in-boxing-gloves-on-ring-with-trainer-VRVRXUN.jpg","type":"image\/jpeg"}],"twitter_card":"summary_large_image","twitter_misc":{"\u041f\u0440\u0438\u043c\u0435\u0440\u043d\u043e\u0435 \u0432\u0440\u0435\u043c\u044f \u0434\u043b\u044f \u0447\u0442\u0435\u043d\u0438\u044f":"1 \u043c\u0438\u043d\u0443\u0442\u0430"},"schema":{"@context":"https:\/\/schema.org","@graph":[{"@type":"WebPage","@id":"https:\/\/boxerprogym.cz\/produkt\/permanentka-12-skupinovych-lekci-deti\/","url":"https:\/\/boxerprogym.cz\/produkt\/permanentka-12-skupinovych-lekci-deti\/","name":"12 \u0442\u0440\u0435\u043d\u0438\u0440\u043e\u0432\u043e\u043a (\u0434\u0435\u0442\u0438 - \u0434\u043e 16 \u043b\u0435\u0442) \u041f\u0415\u0420\u041c\u0410\u041d\u0415\u041d\u0422 \u041d\u0410 12 \u0413\u0420\u0423\u041f\u041f\u041e\u0412\u042b\u0425 \u0422\u0420\u0415\u041d\u0418\u0420\u041e\u0412\u041e\u041a | BOXER PRO GYM","isPartOf":{"@id":"https:\/\/boxerprogym.cz\/#website"},"primaryImageOfPage":{"@id":"https:\/\/boxerprogym.cz\/produkt\/permanentka-12-skupinovych-lekci-deti\/#primaryimage"},"image":{"@id":"https:\/\/boxerprogym.cz\/produkt\/permanentka-12-skupinovych-lekci-deti\/#primaryimage"},"thumbnailUrl":"https:\/\/boxerprogym.cz\/wp-content\/uploads\/2024\/12\/little-boy-in-boxing-gloves-on-ring-with-trainer-VRVRXUN.jpg","datePublished":"2025-01-26T10:30:31+00:00","dateModified":"2025-02-23T22:49:19+00:00","breadcrumb":{"@id":"https:\/\/boxerprogym.cz\/produkt\/permanentka-12-skupinovych-lekci-deti\/#breadcrumb"},"inLanguage":"ru-RU","potentialAction":[{"@type":"ReadAction","target":["https:\/\/boxerprogym.cz\/produkt\/permanentka-12-skupinovych-lekci-deti\/"]}]},{"@type":"ImageObject","inLanguage":"ru-RU","@id":"https:\/\/boxerprogym.cz\/produkt\/permanentka-12-skupinovych-lekci-deti\/#primaryimage","url":"https:\/\/boxerprogym.cz\/wp-content\/uploads\/2024\/12\/little-boy-in-boxing-gloves-on-ring-with-trainer-VRVRXUN.jpg","contentUrl":"https:\/\/boxerprogym.cz\/wp-content\/uploads\/2024\/12\/little-boy-in-boxing-gloves-on-ring-with-trainer-VRVRXUN.jpg","width":2400,"height":1600},{"@type":"BreadcrumbList","@id":"https:\/\/boxerprogym.cz\/produkt\/permanentka-12-skupinovych-lekci-deti\/#breadcrumb","itemListElement":[{"@type":"ListItem","position":1,"name":"Dom\u016f","item":"https:\/\/boxerprogym.cz\/"},{"@type":"ListItem","position":2,"name":"E-shop","item":"https:\/\/boxerprogym.cz\/obchod\/"},{"@type":"ListItem","position":3,"name":"12 tr\u00e9nink\u016f (d\u011bti &#8211; do 16 let) PERMANENTKA NA 12 SKUPINOV\u00ddCH LEKC\u00cd"}]},{"@type":"WebSite","@id":"https:\/\/boxerprogym.cz\/#website","url":"https:\/\/boxerprogym.cz\/","name":"BOXER PRO GYM","description":"","publisher":{"@id":"https:\/\/boxerprogym.cz\/#organization"},"potentialAction":[{"@type":"SearchAction","target":{"@type":"EntryPoint","urlTemplate":"https:\/\/boxerprogym.cz\/?s={search_term_string}"},"query-input":{"@type":"PropertyValueSpecification","valueRequired":true,"valueName":"search_term_string"}}],"inLanguage":"ru-RU"},{"@type":"Organization","@id":"https:\/\/boxerprogym.cz\/#organization","name":"BOXER PRO GYM","url":"https:\/\/boxerprogym.cz\/","logo":{"@type":"ImageObject","inLanguage":"ru-RU","@id":"https:\/\/boxerprogym.cz\/#\/schema\/logo\/image\/","url":"https:\/\/boxerprogym.cz\/wp-content\/uploads\/2024\/12\/logo-horizontal-black.svg","contentUrl":"https:\/\/boxerprogym.cz\/wp-content\/uploads\/2024\/12\/logo-horizontal-black.svg","width":832,"height":155,"caption":"BOXER PRO GYM"},"image":{"@id":"https:\/\/boxerprogym.cz\/#\/schema\/logo\/image\/"}}]}},"_links":{"self":[{"href":"https:\/\/boxerprogym.cz\/ru\/wp-json\/wp\/v2\/product\/1106","targetHints":{"allow":["GET"]}}],"collection":[{"href":"https:\/\/boxerprogym.cz\/ru\/wp-json\/wp\/v2\/product"}],"about":[{"href":"https:\/\/boxerprogym.cz\/ru\/wp-json\/wp\/v2\/types\/product"}],"wp:featuredmedia":[{"embeddable":true,"href":"https:\/\/boxerprogym.cz\/ru\/wp-json\/wp\/v2\/media\/539"}],"wp:attachment":[{"href":"https:\/\/boxerprogym.cz\/ru\/wp-json\/wp\/v2\/media?parent=1106"}],"wp:term":[{"taxonomy":"product_brand","embeddable":true,"href":"https:\/\/boxerprogym.cz\/ru\/wp-json\/wp\/v2\/product_brand?post=1106"},{"taxonomy":"product_cat","embeddable":true,"href":"https:\/\/boxerprogym.cz\/ru\/wp-json\/wp\/v2\/product_cat?post=1106"},{"taxonomy":"product_tag","embeddable":true,"href":"https:\/\/boxerprogym.cz\/ru\/wp-json\/wp\/v2\/product_tag?post=1106"}],"curies":[{"name":"wp","href":"https:\/\/api.w.org\/{rel}","templated":true}]}}